{"id":2,"date":"2012-05-09T01:04:12","date_gmt":"2012-05-09T01:04:12","guid":{"rendered":"http:\/\/www.netronica.net\/web\/?page_id=2"},"modified":"2022-02-03T16:19:01","modified_gmt":"2022-02-03T16:19:01","slug":"pagina-ejemplo","status":"publish","type":"page","link":"https:\/\/www.netronica.net\/web\/?page_id=2","title":{"rendered":"Quienes Somos"},"content":{"rendered":"\t\t<div data-elementor-type=\"wp-page\" data-elementor-id=\"2\" class=\"elementor elementor-2\">\n\t\t\t\t\t\t<section class=\"elementor-section elementor-top-section elementor-element elementor-element-7ff14102 elementor-section-boxed elementor-section-height-default elementor-section-height-default\" data-id=\"7ff14102\" data-element_type=\"section\" data-e-type=\"section\">\n\t\t\t\t\t\t<div class=\"elementor-container elementor-column-gap-default\">\n\t\t\t\t\t<div class=\"elementor-column elementor-col-100 elementor-top-column elementor-element elementor-element-51a520ed\" data-id=\"51a520ed\" data-element_type=\"column\" data-e-type=\"column\">\n\t\t\t<div class=\"elementor-widget-wrap elementor-element-populated\">\n\t\t\t\t\t\t<div class=\"elementor-element elementor-element-4b493bbf elementor-widget elementor-widget-text-editor\" data-id=\"4b493bbf\" data-element_type=\"widget\" data-e-type=\"widget\" data-widget_type=\"text-editor.default\">\n\t\t\t\t<div class=\"elementor-widget-container\">\n\t\t\t\t\t\t\t\t\t<p style=\"text-align: justify;\">Somos una empresa Guatemalteca, ubicada en la ciudad de Guatemala, con m\u00e1s de 10 a\u00f1os de trayectoria en el mercado inform\u00e1tico, y nos dedicamos al desarrollo profesional de soluciones web.<\/p>\r\n<p style=\"text-align: justify;\"><strong>Misi\u00f3n:<\/strong><\/p>\r\n<p style=\"text-align: justify;\">brindar soluciones web a medida y flexibles para nuestros clientes, con la mejor relaci\u00f3n costo-beneficio.<\/p>\r\n<p style=\"text-align: justify;\"><strong>Valores:<\/strong><\/p>\r\n<p style=\"text-align: justify;\">Profesionalismo.<\/p>\r\n<p style=\"text-align: justify;\">Compromiso con el cliente.<\/p>\r\n<p style=\"text-align: justify;\">Velocidad y respuesta.<\/p>\r\n<p style=\"text-align: justify;\">Trabajo en equipo.<\/p>\r\n<p style=\"text-align: justify;\"><strong>Recursos Tecnol\u00f3gicos:<\/strong> estamos provistos por software y hardware de \u00faltima generaci\u00f3n. Desarrollamos sitios y aplicaciones web bajo plataformas Open Source y Microsoft.<\/p>\r\n<img fetchpriority=\"high\" decoding=\"async\" class=\"aligncenter\" src=\"https:\/\/www.netronica.net\/web\/wp-content\/uploads\/micro.jpg\" alt=\"micro\" width=\"260\" height=\"194\" \/>\r\n<p style=\"text-align: justify;\"><strong>Recursos Humanos:<\/strong> poseemos un equipo con j\u00f3venes profesionales en las \u00e1reas de Sistemas, Dise\u00f1o Web y Programaci\u00f3n Web, que desarrollan aplicaciones con recursos Open Source, para tiendas virtuales y manejadores de contenidos en CMS (WordPress y Joomla)<\/p>\r\n<p style=\"text-align: justify;\">Nuestros Servidores: Est\u00e1n ubicados en Estados Unidos y Alemania, son estables y confiables un 99.9%<\/p>\r\n<p style=\"text-align: justify;\">Brindamos Servicios de hosting, Reseller, VPS, y Servidores Dedicados<\/p>\r\n<p style=\"text-align: justify;\">Tambi\u00e9n damos Asesorias a las empresas en cuanto a la optimizaci\u00f3n de sus recursos inform\u00e1ticos utilizando programas rentables de Microsoft y Open Source<\/p>\r\n<p style=\"text-align: justify;\"><img decoding=\"async\" class=\"aligncenter size-medium wp-image-397\" src=\"https:\/\/www.netronica.net\/web\/wp-content\/uploads\/powered-by-gnu-linux-200x300.png\" alt=\"powered-by-gnu-linux\" width=\"200\" height=\"300\" srcset=\"https:\/\/www.netronica.net\/web\/wp-content\/uploads\/powered-by-gnu-linux-200x300.png 200w, https:\/\/www.netronica.net\/web\/wp-content\/uploads\/powered-by-gnu-linux.png 359w\" sizes=\"(max-width: 200px) 100vw, 200px\" \/><\/p>\r\n&nbsp;\t\t\t\t\t\t\t\t<\/div>\n\t\t\t\t<\/div>\n\t\t\t\t\t<\/div>\n\t\t<\/div>\n\t\t\t\t\t<\/div>\n\t\t<\/section>\n\t\t\t\t<\/div>\n\t\t","protected":false},"excerpt":{"rendered":"<p>Somos una empresa Guatemalteca, ubicada en la ciudad de Guatemala, con m\u00e1s de 10 a\u00f1os de trayectoria en el mercado inform\u00e1tico, y nos dedicamos al desarrollo profesional de soluciones web.&hellip;<\/p>\n","protected":false},"author":1,"featured_media":0,"parent":578,"menu_order":1,"comment_status":"open","ping_status":"open","template":"elementor_header_footer","meta":{"om_disable_all_campaigns":false,"_monsterinsights_skip_tracking":false,"_monsterinsights_sitenote_active":false,"_monsterinsights_sitenote_note":"","_monsterinsights_sitenote_category":0,"_uf_show_specific_survey":0,"_uf_disable_surveys":false,"two_page_speed":[],"footnotes":""},"class_list":["post-2","page","type-page","status-publish","hentry"],"aioseo_notices":[],"_links":{"self":[{"href":"https:\/\/www.netronica.net\/web\/index.php?rest_route=\/wp\/v2\/pages\/2","targetHints":{"allow":["GET"]}}],"collection":[{"href":"https:\/\/www.netronica.net\/web\/index.php?rest_route=\/wp\/v2\/pages"}],"about":[{"href":"https:\/\/www.netronica.net\/web\/index.php?rest_route=\/wp\/v2\/types\/page"}],"author":[{"embeddable":true,"href":"https:\/\/www.netronica.net\/web\/index.php?rest_route=\/wp\/v2\/users\/1"}],"replies":[{"embeddable":true,"href":"https:\/\/www.netronica.net\/web\/index.php?rest_route=%2Fwp%2Fv2%2Fcomments&post=2"}],"version-history":[{"count":16,"href":"https:\/\/www.netronica.net\/web\/index.php?rest_route=\/wp\/v2\/pages\/2\/revisions"}],"predecessor-version":[{"id":1135,"href":"https:\/\/www.netronica.net\/web\/index.php?rest_route=\/wp\/v2\/pages\/2\/revisions\/1135"}],"up":[{"embeddable":true,"href":"https:\/\/www.netronica.net\/web\/index.php?rest_route=\/wp\/v2\/pages\/578"}],"wp:attachment":[{"href":"https:\/\/www.netronica.net\/web\/index.php?rest_route=%2Fwp%2Fv2%2Fmedia&parent=2"}],"curies":[{"name":"wp","href":"https:\/\/api.w.org\/{rel}","templated":true}]}}