{"id":598,"date":"2013-06-11T17:57:51","date_gmt":"2013-06-11T17:57:51","guid":{"rendered":"http:\/\/www.netronica.net\/web\/?page_id=598"},"modified":"2022-02-03T16:24:27","modified_gmt":"2022-02-03T16:24:27","slug":"terminos-y-condiciones","status":"publish","type":"page","link":"https:\/\/www.netronica.net\/web\/?page_id=598","title":{"rendered":"T\u00e9rminos y Condiciones"},"content":{"rendered":"\t\t<div data-elementor-type=\"wp-page\" data-elementor-id=\"598\" class=\"elementor elementor-598\">\n\t\t\t\t\t\t<section class=\"elementor-section elementor-top-section elementor-element elementor-element-23f7a36a elementor-section-boxed elementor-section-height-default elementor-section-height-default\" data-id=\"23f7a36a\" data-element_type=\"section\" data-e-type=\"section\">\n\t\t\t\t\t\t<div class=\"elementor-container elementor-column-gap-default\">\n\t\t\t\t\t<div class=\"elementor-column elementor-col-100 elementor-top-column elementor-element elementor-element-7f2958da\" data-id=\"7f2958da\" data-element_type=\"column\" data-e-type=\"column\">\n\t\t\t<div class=\"elementor-widget-wrap elementor-element-populated\">\n\t\t\t\t\t\t<div class=\"elementor-element elementor-element-aaa6e92 elementor-widget elementor-widget-spacer\" data-id=\"aaa6e92\" data-element_type=\"widget\" data-e-type=\"widget\" data-widget_type=\"spacer.default\">\n\t\t\t\t<div class=\"elementor-widget-container\">\n\t\t\t\t\t\t\t<div class=\"elementor-spacer\">\n\t\t\t<div class=\"elementor-spacer-inner\"><\/div>\n\t\t<\/div>\n\t\t\t\t\t\t<\/div>\n\t\t\t\t<\/div>\n\t\t\t\t\t<\/div>\n\t\t<\/div>\n\t\t\t\t\t<\/div>\n\t\t<\/section>\n\t\t\t\t<section class=\"elementor-section elementor-top-section elementor-element elementor-element-4fb8add elementor-section-boxed elementor-section-height-default elementor-section-height-default\" data-id=\"4fb8add\" data-element_type=\"section\" data-e-type=\"section\">\n\t\t\t\t\t\t<div class=\"elementor-container elementor-column-gap-default\">\n\t\t\t\t\t<div class=\"elementor-column elementor-col-100 elementor-top-column elementor-element elementor-element-856c402\" data-id=\"856c402\" data-element_type=\"column\" data-e-type=\"column\">\n\t\t\t<div class=\"elementor-widget-wrap elementor-element-populated\">\n\t\t\t\t\t\t<div class=\"elementor-element elementor-element-7916df99 elementor-widget elementor-widget-text-editor\" data-id=\"7916df99\" data-element_type=\"widget\" data-e-type=\"widget\" data-widget_type=\"text-editor.default\">\n\t\t\t\t<div class=\"elementor-widget-container\">\n\t\t\t\t\t\t\t\t\t<p><strong>T\u00c9RMINOS Y CONDICIONES<\/strong><\/p>\n<p><strong>Suspensi\u00f3n de servicio por no respetar las condiciones. En cualquier momento puede ser suspendido el servicio de un usuario (cliente) que no cumpla con las condiciones aqu\u00ed descritas, sin que esto implique devoluci\u00f3n alguna de pagos recibidos anticipadamente.<\/strong><\/p><p><strong><br><\/strong><\/p>\n<p>\u2022 Se proh\u00edbe mandar correos masivos con nuestros servicios de hosting en nuestros servidores, ya que esto perjudica a la comunidad de netronica.net y netronica.info, ya que las ips pueden ser bloqueadas, lo cual hace que nuestros usuarios no tengan un buen servicio de correo electr\u00f3nico, el usuario que mande correos masivos a trav\u00e9s de nuestros servidores ser\u00e1 suspendido parcial o totalmente.<\/p><p><br><\/p>\n<p>\u2022 Si quiere mandar correos masivos contratar un servidor dedicado, p\u00f3ngase en contacto con nosotros, para mayor informaci\u00f3n.<\/p><p><br><\/p>\n<p>Si contrata un Servidor VPS o Servidor Dedicado usted puede enviar correos masivos, pero tiene que haber una forma de remoci\u00f3n respetando la ley de Can Spam<\/p>\n<ul>\n<li class=\"pb10\">Remitentes de email comercial (es decir, no personales y\/o enfocadas al negocio) deben obtener permiso de sus primeros beneficiarios. Los remitentes pueden hacer esto con una confirmaci\u00f3n opt-in o formulario de registro.<\/li>\n<li class=\"pb10\">Cuando un remitente obtiene un opt-in se debe hacer un esfuerzo razonable para verificar la identidad de un usuario.<\/li>\n<li class=\"pb10\">La evidencia de la autorizaci\u00f3n de los suscriptores debe estar disponible dentro de las 72 horas de la solicitud.<\/li>\n<li class=\"pb10\">Los beneficiarios deben ser informados cuando un remitente obtiene su informaci\u00f3n.<\/li>\n<li class=\"pb10\">Todas las solicitudes para darse de baja deben ser cumplidas dentro de 10 d\u00edas.<\/li>\n<li class=\"pb10\">El dominio adjunto a su email debe tener su propia pol\u00edtica de privacidad.<\/li>\n<li class=\"pb10\">La identidad del remitente y la ubicaci\u00f3n del origen del email debe ser verdaderamente representada y a disposici\u00f3n del destinatario.<\/li>\n<\/ul>\n<p>&nbsp;<\/p>\n<p><strong>\u2022 No difamaci\u00f3n.<\/strong> Se proh\u00edbe el uso de nuestro servicio para publicar informaci\u00f3n difamatoria u obscena contra cualquier persona, empresa, organizaci\u00f3n o instituci\u00f3n.<\/p><p><br><\/p>\n<p><strong>\u2022 Contra el abuso y pornograf\u00eda infantil.<\/strong> Se proh\u00edbe el uso de nuestro servicio para publicar informaci\u00f3n o im\u00e1genes que promuevan la pornograf\u00eda o abuso infantil.<\/p><p><br><\/p>\n<p><strong>\u2022 No promoci\u00f3n de actividades delictivas.<\/strong> Se proh\u00edbe el uso de nuestro servicio para promocionar cualquier tipo de actividad prohibida por las leyes de Guatemala o acuerdos internacionales vigentes.<\/p><p><br><\/p>\n<p><strong>\u2022 Copias de respaldo del sitio<\/strong>. Aunque la empresa toma medidas preventivas, actualmente es imposible predecir fallas en ciertos equipos o interrupci\u00f3n temporal en los enlaces, por esto se recomienda al cliente guardar una copia actualizada de su sitio en un medio alterno a menos que haya contratado el servicio de copia de respaldo que presta la empresa. En caso de siniestro, desastre, sabotaje, fallos de equipo o cualquier otro motivo, la empresa no se hace responsable por p\u00e9rdidas de informaci\u00f3n ni cualquier implicaci\u00f3n que esa p\u00e9rdida de informaci\u00f3n tenga, exceptuando la responsabilidad \u00fanica de restablecer la \u00faltima copia de respaldo a todos aquellos que tengan el servicio de copia de respaldo, adicional al servicio de hosting.<\/p><p><br><\/p>\n<p><strong>\u2022 Uso apropiado del correo en l\u00ednea o webmail.<\/strong> Los buzones de correo electr\u00f3nico se recomienda que sean configurados en un programa local y regularmente guardar una copia de respaldo, el uso del correo en l\u00ednea es apropiado \u00fanicamente cuando el usuario est\u00e1 de viaje o no tiene acceso a la PC d\u00f3nde tenga configurado su buz\u00f3n de correo electr\u00f3nico.<\/p><p><br><\/p>\n<p><strong>\u2022 Copias de respaldo bases de datos y sistemas.<\/strong> El usuario debe efectuar, con la regularidad que considere apropiada, copias de respaldo de las bases de datos y sistemas que utilice, como tiendas virtuales, foros, sistemas de soporte a clientes y cualquier otro en el que almacene o manipule informaci\u00f3n importante para su empresa.<\/p><p><br><\/p>\n<p><strong>\u2022 Sistemas autoinstalables.<\/strong> La mayor\u00eda de las herramientas o sistemas autoinstalables desde el panel de control son software libre del que no se tiene que pagar licencia, por lo que el usuario antes de utilizarlos debe leer detenidamente sus especificaciones y garant\u00edas antes de utilizarlo en cualquier actividad productiva que requiera asistencia inmediata, ya que la empresa proporciona la facilidad para instalarlos \u00fanicamente. El usuario los usa bajo su cuenta y riesgo.<\/p><p><br><\/p>\n<p><strong>\u2022 Interrupciones del servicio.<\/strong> La empresa utiliza servicios de terceros, de los que depende la continuidad del servicio, por lo que no es posible garantizar que el servicio ser\u00e1 ininterrumpido. La empresa se compromete a cambiar inmediatamente a sus proveedores que no resuelvan con prontitud las interrupciones del servicio.<\/p><p><br><\/p>\n<p><strong>\u2022 Cuidado de la contrase\u00f1a.<\/strong> Los clientes deben tener apropiado cuidado de sus contrase\u00f1as de acceso a su servicio para evitar que sean utilizadas por personas que, con la intenci\u00f3n de mostrar que el servicio es inseguro, destruir\u00e1n su informaci\u00f3n. Se recomienda usar una contrase\u00f1a que incluya letras en may\u00fasculas y min\u00fasculas y por lo menos dos d\u00edgitos (n\u00fameros).<\/p><p><br><\/p>\n<p><strong>\u2022 Contenido para adultos.<\/strong> Los sitios con contenido para adultos deben advertir claramente y contar con mecanismos para limitar el ingreso a menores de edad.<\/p><p><br><\/p>\n<p><strong>\u2022 Seguridad.<\/strong> Los usuarios no est\u00e1n autorizados para realizar escaneo de puertos en el servidor ni cualquier otro mecanismo orientado a detectar vulnerabilidades de seguridad, esto implica la suspensi\u00f3n inmediata del servicio a quienes sean sorprendidos por medio de nuestro monitoreo o las bit\u00e1coras del sistema.<\/p><p><br><\/p>\n<p><strong>\u2022 Clientes en Mora.<\/strong> Netronica.net puede suspender las cuentas de hosting de aquellos clientes que no est\u00e9n al d\u00eda con sus pagos, en en los servicios que la empresa presta hosting, paginas webs, Netronica.net esperara 10 d\u00edas para que se ponga al d\u00eda con sus pagos y si no paga suspender\u00e1 su cuenta de hosting parcialmente, hasta que pague la deuda.<\/p><p><br><\/p>\n<p><strong>E-marketing por medio de Redes Sociales y Buscadores<\/strong>, &nbsp;para tener \u00e9xito en una campa\u00f1a publicitaria es necesario acatar las recomendaciones por Netronica.net, caso contrario Netronica.net no se responsabiliza por campa\u00f1as que no tengan \u00e9xito,<\/p>\n<p>Es recomendable tener claro nuestro nicho de mercado.<\/p>\n<p>En el caso de google, &nbsp;google maneja varios precios en el caso de los anuncios, un anuncio es mas barato si llega a un solo pa\u00eds lo mismo aplica para facebook y otras redes sociales.<\/p>\n<p><strong>Netronica.net<\/strong> no har\u00e1 ninguna devoluci\u00f3n por campa\u00f1as fallida, el cliente tiene que acatar las recomendaciones y asesor\u00eda.<\/p>\n<p>En caso de DIFAMACI\u00d3N CONTRA de nuetra empresa, &nbsp;NETRONICA.NET se reserva el derecho de demandar a cualquier persona o Empresa que &nbsp;DIFAME a NETRONICA.NET pudiendo ir a las instancias legales Nacionales e Internacionales &nbsp;y pedir los reparos por la misma via por la que se difame a nuestra empresa y los reparos economicos que esto ocasione a nuestra empresa, pudiendo ser de Us$2000.00 en adelante.<\/p>\n<p><strong>Dominios Internacionales .com, .net, &nbsp; org, &nbsp;<\/strong>estos dominios al vencer hay un tiempo de 10 dias para renovarlo al precio de Q150.00 o si usted tiene hosting con nosotros al costo del combo, en caso de pasar los &nbsp;10 dias hay que pagar un pago de Us$ 100.00 dolares para renovarlo, si tiene hosting con nosotros serian mas los costos de hosting, sino habr\u00eda que esperar 3 meses para que lo liberen de lo que se llama redenci\u00f3n y despu\u00e9s la eliminaci\u00f3n, se aclara este tema ya que muchos clientes piensan que el dominio es de por vida, lo cual no es cierto hay que pagar la suscripci\u00f3n a\u00f1o con a\u00f1o.<\/p>\n<p><strong>Dominios gt &nbsp; .gt, .com.gt, &nbsp;net.gt, &nbsp;org.gt,&nbsp;<\/strong> tienen un costo de Q 400.00 los dos a\u00f1os IVA incluido solo el dominio, al vencer el dominio al tercer a\u00f1o hay que pagarlo a\u00f1o con a\u00f1o siempre y cuando el dominio no venza si vence el dominio hay que pagar 2 a\u00f1os y hay 15 dias para renovarlo, sin que este caiga en redenci\u00f3n, &nbsp;a los 30 d\u00edas es eliminado y siempre vale lo mismo.<\/p>\n<p>Dominios libres edu.gt &nbsp;y gob.gt estos dominios son libres, &nbsp;se cobra un costo m\u00ednimo por tramitarlos si adquiere hosting con Netronica.net el tramite de registro no tiene costo si tienen alguna duda p\u00f3ngase en contacto info@netronica.net<\/p>\n<p><strong>Servidores VPS y Servidores Dedicados <\/strong><\/p>\n<p>El cliente puede contratar por mes, por tres meses, por 6 meses y hasta por 1 a\u00f1o, los Servidores antes mencionados, cuando el cliente contrate por un mes el servicio de Servidores tiene que ser puntual a la hora de pagar su servicio para que su servicio no sea cortado, si el servicio es cortado&nbsp; Netronica.net no se hace responsable por el software instalado, el cliente tiene que tener respaldos y los exortamos a que contraten servicio de Backup.<\/p>\n<p>Si el cliente deja vencer su factura y no avisa con tiempo su servicio VPS o Servidor Dedicado es dado de baja automaticamente, si avisa y hay motivos para darle unos dias mas se le cobrara US$50.00 dolares Estado Unidenses o Q400.00 quetzales moneda local de Guatemala.<\/p>\n<p>Nosotros brindamos el servicio de arrendamiento de Servidores administrados siempre y cuando el cliente contrate la licencia de cpanel, en este caso Netronica.net hace los respectivos respaldos de esos servidores.<\/p>\n<p>&nbsp;<\/p>\n<p><strong>Forma de Pago<\/strong><\/p>\n<p>La forma de pago para todos nuestros servicios es en efectivo, con tarjetas de credito a traves de Paypal y Payoneer, si el cliente lo hace con Paypal tiene que tener una cuenta con una tarjeta asociada si lo hace con Payoneer nos tiene que indicar a nosotros para que nosotros envios un recibo, y tambien lo puede hacer a traves de Western Union y MoneyGram pida la informaci\u00f3n de como lo puede hacer enviando a un correo a info@netronica.net<\/p>\n<p>&nbsp;<\/p>\n<p>&nbsp;<\/p>\n<p>&nbsp;<\/p>\t\t\t\t\t\t\t\t<\/div>\n\t\t\t\t<\/div>\n\t\t\t\t\t<\/div>\n\t\t<\/div>\n\t\t\t\t\t<\/div>\n\t\t<\/section>\n\t\t\t\t<\/div>\n\t\t","protected":false},"excerpt":{"rendered":"<p>T\u00c9RMINOS Y CONDICIONES Suspensi\u00f3n de servicio por no respetar las condiciones. En cualquier momento puede ser suspendido el servicio de un usuario (cliente) que no cumpla con las condiciones aqu\u00ed&hellip;<\/p>\n","protected":false},"author":1,"featured_media":0,"parent":578,"menu_order":3,"comment_status":"closed","ping_status":"closed","template":"elementor_header_footer","meta":{"om_disable_all_campaigns":false,"_monsterinsights_skip_tracking":false,"_monsterinsights_sitenote_active":false,"_monsterinsights_sitenote_note":"","_monsterinsights_sitenote_category":0,"_uf_show_specific_survey":0,"_uf_disable_surveys":false,"two_page_speed":[],"footnotes":""},"class_list":["post-598","page","type-page","status-publish","hentry"],"aioseo_notices":[],"_links":{"self":[{"href":"https:\/\/www.netronica.net\/web\/index.php?rest_route=\/wp\/v2\/pages\/598","targetHints":{"allow":["GET"]}}],"collection":[{"href":"https:\/\/www.netronica.net\/web\/index.php?rest_route=\/wp\/v2\/pages"}],"about":[{"href":"https:\/\/www.netronica.net\/web\/index.php?rest_route=\/wp\/v2\/types\/page"}],"author":[{"embeddable":true,"href":"https:\/\/www.netronica.net\/web\/index.php?rest_route=\/wp\/v2\/users\/1"}],"replies":[{"embeddable":true,"href":"https:\/\/www.netronica.net\/web\/index.php?rest_route=%2Fwp%2Fv2%2Fcomments&post=598"}],"version-history":[{"count":11,"href":"https:\/\/www.netronica.net\/web\/index.php?rest_route=\/wp\/v2\/pages\/598\/revisions"}],"predecessor-version":[{"id":1142,"href":"https:\/\/www.netronica.net\/web\/index.php?rest_route=\/wp\/v2\/pages\/598\/revisions\/1142"}],"up":[{"embeddable":true,"href":"https:\/\/www.netronica.net\/web\/index.php?rest_route=\/wp\/v2\/pages\/578"}],"wp:attachment":[{"href":"https:\/\/www.netronica.net\/web\/index.php?rest_route=%2Fwp%2Fv2%2Fmedia&parent=598"}],"curies":[{"name":"wp","href":"https:\/\/api.w.org\/{rel}","templated":true}]}}