{"id":89,"date":"2012-11-14T17:27:54","date_gmt":"2012-11-14T17:27:54","guid":{"rendered":"http:\/\/www.netronica.net\/web\/?page_id=89"},"modified":"2022-02-08T15:52:51","modified_gmt":"2022-02-08T15:52:51","slug":"instalacion-de-redes","status":"publish","type":"page","link":"https:\/\/www.netronica.net\/web\/?page_id=89","title":{"rendered":"Cableado Estructurado"},"content":{"rendered":"\t\t<div data-elementor-type=\"wp-page\" data-elementor-id=\"89\" class=\"elementor elementor-89\">\n\t\t\t\t\t\t<section class=\"elementor-section elementor-top-section elementor-element elementor-element-48106470 elementor-section-boxed elementor-section-height-default elementor-section-height-default\" data-id=\"48106470\" data-element_type=\"section\" data-e-type=\"section\">\n\t\t\t\t\t\t<div class=\"elementor-container elementor-column-gap-default\">\n\t\t\t\t\t<div class=\"elementor-column elementor-col-100 elementor-top-column elementor-element elementor-element-1ada415d\" data-id=\"1ada415d\" data-element_type=\"column\" data-e-type=\"column\">\n\t\t\t<div class=\"elementor-widget-wrap elementor-element-populated\">\n\t\t\t\t\t\t<div class=\"elementor-element elementor-element-58c51014 elementor-widget elementor-widget-text-editor\" data-id=\"58c51014\" data-element_type=\"widget\" data-e-type=\"widget\" data-widget_type=\"text-editor.default\">\n\t\t\t\t<div class=\"elementor-widget-container\">\n\t\t\t\t\t\t\t\t\t<p style=\"text-align: justify;\"><a href=\"https:\/\/www.netronica.net\/web\/wp-content\/uploads\/cerfiticador.jpg\"><img fetchpriority=\"high\" decoding=\"async\" class=\"aligncenter size-full wp-image-649\" src=\"https:\/\/www.netronica.net\/web\/wp-content\/uploads\/cerfiticador.jpg\" alt=\"cerfiticador\" width=\"480\" height=\"360\" srcset=\"https:\/\/www.netronica.net\/web\/wp-content\/uploads\/cerfiticador.jpg 480w, https:\/\/www.netronica.net\/web\/wp-content\/uploads\/cerfiticador-300x225.jpg 300w\" sizes=\"(max-width: 480px) 100vw, 480px\" \/><\/a><\/p><p style=\"text-align: justify;\">Cableamos redes con estructuradas, siendo una red \u00f3ptima para \u00a0navegar en Internet y para conectarse internamente con otras estaciones de trabajo para sistemas internos, compartir archivos<\/p><p style=\"text-align: justify;\">Nosotros asesoramos a los clientes segun el trabajo que su empresa realice.<\/p><p style=\"text-align: justify;\">Tambi\u00e9n si el cliente asi lo requiere le certificamos su red para medir sus p\u00e9rdidas y estas son muy relevantes o exceden de los limites permitidos, en caso de ser as\u00ed, se corregir\u00e1 el punto<\/p><p style=\"text-align: center;\"><a href=\"\/web\/?page_id=47\" class=\"button_jc small  blue BBlue\">M\u00e1s informaci\u00f3n<\/a><\/p>\t\t\t\t\t\t\t\t<\/div>\n\t\t\t\t<\/div>\n\t\t\t\t\t<\/div>\n\t\t<\/div>\n\t\t\t\t\t<\/div>\n\t\t<\/section>\n\t\t\t\t<\/div>\n\t\t","protected":false},"excerpt":{"rendered":"<p>Cableamos redes con estructuradas, siendo una red \u00f3ptima para \u00a0navegar en Internet y para conectarse internamente con otras estaciones de trabajo para sistemas internos, compartir archivos Nosotros asesoramos a los&hellip;<\/p>\n","protected":false},"author":1,"featured_media":0,"parent":41,"menu_order":1,"comment_status":"open","ping_status":"open","template":"elementor_header_footer","meta":{"om_disable_all_campaigns":false,"_monsterinsights_skip_tracking":false,"_monsterinsights_sitenote_active":false,"_monsterinsights_sitenote_note":"","_monsterinsights_sitenote_category":0,"_uf_show_specific_survey":0,"_uf_disable_surveys":false,"two_page_speed":[],"footnotes":""},"class_list":["post-89","page","type-page","status-publish","hentry"],"aioseo_notices":[],"_links":{"self":[{"href":"https:\/\/www.netronica.net\/web\/index.php?rest_route=\/wp\/v2\/pages\/89","targetHints":{"allow":["GET"]}}],"collection":[{"href":"https:\/\/www.netronica.net\/web\/index.php?rest_route=\/wp\/v2\/pages"}],"about":[{"href":"https:\/\/www.netronica.net\/web\/index.php?rest_route=\/wp\/v2\/types\/page"}],"author":[{"embeddable":true,"href":"https:\/\/www.netronica.net\/web\/index.php?rest_route=\/wp\/v2\/users\/1"}],"replies":[{"embeddable":true,"href":"https:\/\/www.netronica.net\/web\/index.php?rest_route=%2Fwp%2Fv2%2Fcomments&post=89"}],"version-history":[{"count":21,"href":"https:\/\/www.netronica.net\/web\/index.php?rest_route=\/wp\/v2\/pages\/89\/revisions"}],"predecessor-version":[{"id":1249,"href":"https:\/\/www.netronica.net\/web\/index.php?rest_route=\/wp\/v2\/pages\/89\/revisions\/1249"}],"up":[{"embeddable":true,"href":"https:\/\/www.netronica.net\/web\/index.php?rest_route=\/wp\/v2\/pages\/41"}],"wp:attachment":[{"href":"https:\/\/www.netronica.net\/web\/index.php?rest_route=%2Fwp%2Fv2%2Fmedia&parent=89"}],"curies":[{"name":"wp","href":"https:\/\/api.w.org\/{rel}","templated":true}]}}